{"id":97,"date":"2019-01-07T18:57:14","date_gmt":"2019-01-07T17:57:14","guid":{"rendered":"http:\/\/siforl.org\/?page_id=97"},"modified":"2020-06-04T18:31:33","modified_gmt":"2020-06-04T16:31:33","slug":"bureau-siforl","status":"publish","type":"page","link":"https:\/\/siforl.org\/index.php\/bureau-siforl\/","title":{"rendered":"Bureau SIFORL"},"content":{"rendered":"\n<p>Le bureau actuel  de la Soci\u00e9t\u00e9 Internationale Francophone d&rsquo;ORL est constitu\u00e9 comme suit :<\/p>\n\n\n\n<ul><li>Pr\u00e9sident :  Pr D. Djennaoui (Alger)<\/li><li>Secr\u00e9taire G\u00e9n\u00e9ral :  Pr E. Babin (Caen)<\/li><li>Secr\u00e9taire Adjoint : Pr J.F. Papon (Paris)<\/li><li>Tr\u00e9sorier : Pr E. Lescanne (Tours)<\/li><li>Conseil Scientifique : Pr D. Chevalier (Lille), Pr B. Fraysse (Toulouse), Pr O. Sterkers (Paris), Pr E. Serrano (Toulouse), Pr F. Denoyelle (Paris), Pr F. Chabolle (Paris)<\/li><\/ul>\n\n\n\n<p><\/p>\n\n\n\n<p>Vices Pr\u00e9sidents de Secteur :<\/p>\n\n\n\n<ul><li>Afrique Ouest : Pr A.P. Adjoua (Abidjan)<\/li><li>Afrique Centre : Pr R. Njock (Douala)<\/li><li>Am\u00e9rique : Pr S. Daniel (Montr\u00e9al)<\/li><li>Europe : Pr B. Landis (Gen\u00e8ve)<\/li><li>Maghreb : Pr A. Benghalem (Casablanca)<\/li><li>Moyen-Orient : Pr A. Nehme (Beyrouth)<\/li><li>Oc\u00e9an Indien : Dr J.F. Vellin (La R\u00e9union)<\/li><\/ul>\n","protected":false},"excerpt":{"rendered":"<p>Le bureau actuel de la Soci\u00e9t\u00e9 Internationale Francophone d&rsquo;ORL est constitu\u00e9 comme suit : Pr\u00e9sident : Pr D. Djennaoui (Alger) Secr\u00e9taire G\u00e9n\u00e9ral : Pr E. Babin (Caen) Secr\u00e9taire Adjoint : Pr J.F. Papon (Paris) Tr\u00e9sorier : Pr E. Lescanne (Tours) Conseil Scientifique : Pr D. Chevalier (Lille), Pr B. Fraysse (Toulouse), Pr O. Sterkers (Paris), [&hellip;]<\/p>\n","protected":false},"author":1,"featured_media":98,"parent":0,"menu_order":0,"comment_status":"closed","ping_status":"closed","template":"","meta":[],"_links":{"self":[{"href":"https:\/\/siforl.org\/index.php\/wp-json\/wp\/v2\/pages\/97"}],"collection":[{"href":"https:\/\/siforl.org\/index.php\/wp-json\/wp\/v2\/pages"}],"about":[{"href":"https:\/\/siforl.org\/index.php\/wp-json\/wp\/v2\/types\/page"}],"author":[{"embeddable":true,"href":"https:\/\/siforl.org\/index.php\/wp-json\/wp\/v2\/users\/1"}],"replies":[{"embeddable":true,"href":"https:\/\/siforl.org\/index.php\/wp-json\/wp\/v2\/comments?post=97"}],"version-history":[{"count":5,"href":"https:\/\/siforl.org\/index.php\/wp-json\/wp\/v2\/pages\/97\/revisions"}],"predecessor-version":[{"id":147,"href":"https:\/\/siforl.org\/index.php\/wp-json\/wp\/v2\/pages\/97\/revisions\/147"}],"wp:featuredmedia":[{"embeddable":true,"href":"https:\/\/siforl.org\/index.php\/wp-json\/wp\/v2\/media\/98"}],"wp:attachment":[{"href":"https:\/\/siforl.org\/index.php\/wp-json\/wp\/v2\/media?parent=97"}],"curies":[{"name":"wp","href":"https:\/\/api.w.org\/{rel}","templated":true}]}}