{"id":48,"date":"2018-02-07T21:33:54","date_gmt":"2018-02-07T20:33:54","guid":{"rendered":"http:\/\/siforl.org\/?page_id=48"},"modified":"2022-11-02T16:02:34","modified_gmt":"2022-11-02T15:02:34","slug":"congres","status":"publish","type":"page","link":"https:\/\/siforl.org\/index.php\/congres\/","title":{"rendered":"Congr\u00e8s"},"content":{"rendered":"<p>24 au 27 Novembre 2021&nbsp; <a href=\"https:\/\/siforl2020-reunion.com\/\">La R\u00e9union<\/a><\/p>\n<p>10 au 12 Mai 2018 &#8211; <a href=\"http:\/\/siforlalgerie.com\/\">Alger, Alg\u00e9rie<\/a><\/p>\n<p>26 au 28 Mai 2016 &#8211; Lille, France<\/p>\n<p>12 au 15 Juin 2014 &#8211; <a href=\"http:\/\/www.siforlmontreal.org\/\">Montr\u00e9al, Qu\u00e9bec, Canada<\/a><\/p>\n<p>2012 &#8211; <a href=\"https:\/\/www.grunenthal.fr\/cms\/cda\/file\/XV+CONGRES+DE+LA+STORL.pdf?fileID=269200061&amp;cacheFix=1380532665000&amp;__k=a85e7d7f986fd00e770c1ad0c4bba361\">Hammamet, Tunisie<\/a><\/p>\n<p>2010 &#8211; Beyrouth, Liban<\/p>\n<p>2008 &#8211; Marrakech, Maroc<\/p>\n<p>2006 &#8211; Toulouse, France<\/p>\n<p>2003 &#8211; Qu\u00e9bec City, Qu\u00e9bec, Canada<\/p>\n<p>2001 &#8211; Dakar, S\u00e9n\u00e9gal<\/p>\n<p>1999 &#8211; Bucarest, Roumanie<\/p>\n<p>1997 &#8211; Beyrouth, Liban<\/p>\n<p>1995 &#8211; Monastir, Tunisie<\/p>\n<p>1993 &#8211; Bruxelles, Belgique<\/p>\n<p>1990 &#8211; Marrakech, Maroc<\/p>\n<p>1988 &#8211; Nantes, France<\/p>\n<p>1986 &#8211; Qu\u00e9bec City, Qu\u00e9bec, Canada<\/p>\n\n\n<div class=\"wp-block-file\"><a id=\"wp-block-file--media-d1feb759-61a7-4999-bce2-06c29f1f80f0\" href=\"http:\/\/siforl.org\/wp-content\/uploads\/2019\/01\/Omar-Zemirli-SIFORL-ALGER-2018.docx\">Discours d&rsquo;ouverture du Pr Omar Zemirli &#8211; Congr\u00e8s SIFORL ALGER 2018<\/a><a href=\"http:\/\/siforl.org\/wp-content\/uploads\/2019\/01\/Omar-Zemirli-SIFORL-ALGER-2018.docx\" class=\"wp-block-file__button\" download aria-describedby=\"wp-block-file--media-d1feb759-61a7-4999-bce2-06c29f1f80f0\">Download<\/a><\/div>\n\n\n\n<p><\/p>\n","protected":false},"excerpt":{"rendered":"<p>24 au 27 Novembre 2021&nbsp; La R\u00e9union 10 au 12 Mai 2018 &#8211; Alger, Alg\u00e9rie 26 au 28 Mai 2016 &#8211; Lille, France 12 au 15 Juin 2014 &#8211; Montr\u00e9al, Qu\u00e9bec, Canada 2012 &#8211; Hammamet, Tunisie 2010 &#8211; Beyrouth, Liban 2008 &#8211; Marrakech, Maroc 2006 &#8211; Toulouse, France 2003 &#8211; Qu\u00e9bec City, Qu\u00e9bec, Canada 2001 [&hellip;]<\/p>\n","protected":false},"author":1,"featured_media":197,"parent":0,"menu_order":0,"comment_status":"closed","ping_status":"closed","template":"","meta":[],"_links":{"self":[{"href":"https:\/\/siforl.org\/index.php\/wp-json\/wp\/v2\/pages\/48"}],"collection":[{"href":"https:\/\/siforl.org\/index.php\/wp-json\/wp\/v2\/pages"}],"about":[{"href":"https:\/\/siforl.org\/index.php\/wp-json\/wp\/v2\/types\/page"}],"author":[{"embeddable":true,"href":"https:\/\/siforl.org\/index.php\/wp-json\/wp\/v2\/users\/1"}],"replies":[{"embeddable":true,"href":"https:\/\/siforl.org\/index.php\/wp-json\/wp\/v2\/comments?post=48"}],"version-history":[{"count":12,"href":"https:\/\/siforl.org\/index.php\/wp-json\/wp\/v2\/pages\/48\/revisions"}],"predecessor-version":[{"id":212,"href":"https:\/\/siforl.org\/index.php\/wp-json\/wp\/v2\/pages\/48\/revisions\/212"}],"wp:featuredmedia":[{"embeddable":true,"href":"https:\/\/siforl.org\/index.php\/wp-json\/wp\/v2\/media\/197"}],"wp:attachment":[{"href":"https:\/\/siforl.org\/index.php\/wp-json\/wp\/v2\/media?parent=48"}],"curies":[{"name":"wp","href":"https:\/\/api.w.org\/{rel}","templated":true}]}}