{"id":16,"date":"2018-01-15T21:31:37","date_gmt":"2018-01-15T20:31:37","guid":{"rendered":"http:\/\/siforl.org\/?page_id=16"},"modified":"2022-11-02T16:05:24","modified_gmt":"2022-11-02T15:05:24","slug":"accueil","status":"publish","type":"page","link":"https:\/\/siforl.org\/","title":{"rendered":"Accueil"},"content":{"rendered":"\n<p><\/p>\n\n\n\n<figure class=\"wp-block-image size-large\"><img loading=\"lazy\" width=\"1024\" height=\"614\" src=\"http:\/\/siforl.org\/wp-content\/uploads\/2018\/04\/cropped-Logo-page-accueil-1024x614.png\" alt=\"\" class=\"wp-image-74\" srcset=\"https:\/\/siforl.org\/wp-content\/uploads\/2018\/04\/cropped-Logo-page-accueil-1024x614.png 1024w, https:\/\/siforl.org\/wp-content\/uploads\/2018\/04\/cropped-Logo-page-accueil-300x180.png 300w, https:\/\/siforl.org\/wp-content\/uploads\/2018\/04\/cropped-Logo-page-accueil-768x460.png 768w, https:\/\/siforl.org\/wp-content\/uploads\/2018\/04\/cropped-Logo-page-accueil.png 2000w\" sizes=\"(max-width: 1024px) 100vw, 1024px\" \/><\/figure>\n\n\n<p style=\"text-align: center;\">Bienvenue sur le site de la Soci\u00e9t\u00e9 Internationale Francophone d&rsquo;Oto-Rhino-Laryngologie. Nos objectifs: favoriser les \u00e9changes scientifiques entre les soci\u00e9t\u00e9s francophones d&rsquo;ORL et entre les ORL eux-m\u00eame.<\/p>\n\n\n<div class=\"wp-block-file\"><a id=\"wp-block-file--media-0fdbf608-42a0-4f37-ac3b-8d80e9e045b1\" href=\"http:\/\/siforl.org\/wp-content\/uploads\/2022\/04\/SIFORL-La-Reunion-pour-le-site-E-Babin-Janvier-2022.docx\">SIFORL-La-Reunion-pour-le-site-E-Babin-Janvier-2022<\/a><a href=\"http:\/\/siforl.org\/wp-content\/uploads\/2022\/04\/SIFORL-La-Reunion-pour-le-site-E-Babin-Janvier-2022.docx\" class=\"wp-block-file__button\" download aria-describedby=\"wp-block-file--media-0fdbf608-42a0-4f37-ac3b-8d80e9e045b1\">T\u00e9l\u00e9charger<\/a><\/div>\n\n\n\n<p><\/p>\n\n\n\n<p><\/p>\n\n\n\n<p><\/p>\n","protected":false},"excerpt":{"rendered":"<p>Bienvenue sur le site de la Soci\u00e9t\u00e9 Internationale Francophone d&rsquo;Oto-Rhino-Laryngologie. Nos objectifs: favoriser les \u00e9changes scientifiques entre les soci\u00e9t\u00e9s francophones d&rsquo;ORL et entre les ORL eux-m\u00eame.<\/p>\n","protected":false},"author":1,"featured_media":184,"parent":0,"menu_order":0,"comment_status":"closed","ping_status":"closed","template":"","meta":[],"_links":{"self":[{"href":"https:\/\/siforl.org\/index.php\/wp-json\/wp\/v2\/pages\/16"}],"collection":[{"href":"https:\/\/siforl.org\/index.php\/wp-json\/wp\/v2\/pages"}],"about":[{"href":"https:\/\/siforl.org\/index.php\/wp-json\/wp\/v2\/types\/page"}],"author":[{"embeddable":true,"href":"https:\/\/siforl.org\/index.php\/wp-json\/wp\/v2\/users\/1"}],"replies":[{"embeddable":true,"href":"https:\/\/siforl.org\/index.php\/wp-json\/wp\/v2\/comments?post=16"}],"version-history":[{"count":11,"href":"https:\/\/siforl.org\/index.php\/wp-json\/wp\/v2\/pages\/16\/revisions"}],"predecessor-version":[{"id":216,"href":"https:\/\/siforl.org\/index.php\/wp-json\/wp\/v2\/pages\/16\/revisions\/216"}],"wp:featuredmedia":[{"embeddable":true,"href":"https:\/\/siforl.org\/index.php\/wp-json\/wp\/v2\/media\/184"}],"wp:attachment":[{"href":"https:\/\/siforl.org\/index.php\/wp-json\/wp\/v2\/media?parent=16"}],"curies":[{"name":"wp","href":"https:\/\/api.w.org\/{rel}","templated":true}]}}