{"id":151,"date":"2020-10-27T22:04:53","date_gmt":"2020-10-27T21:04:53","guid":{"rendered":"http:\/\/siforl.org\/?page_id=151"},"modified":"2020-11-23T14:56:58","modified_gmt":"2020-11-23T13:56:58","slug":"videos","status":"publish","type":"page","link":"https:\/\/siforl.org\/index.php\/videos\/","title":{"rendered":"Vid\u00e9os"},"content":{"rendered":"\n<p> Les docteurs Bois J\u00e9r\u00f4me et Patron Vincent du CHU de Caen proposent une  initiation \u00e0 des techniques de chirurgies endonasales. Les liens suivant  vous permettront de trouver un guide de dissection\/formation destin\u00e9 aux  internes et l&rsquo;acc\u00e8s \u00e0 des vid\u00e9os de moins de 10 minutes sur les sujets  suivants:<\/p>\n\n\n\n<ul><li><a href=\"https:\/\/www.youtube.com\/watch?v=A_LfugZaCXw\">Analyse du scanner pr\u00e9 op\u00e9ratoire<\/a> :<\/li><\/ul>\n\n\n\n<figure class=\"wp-block-gallery columns-1 is-cropped\"><ul class=\"blocks-gallery-grid\"><li class=\"blocks-gallery-item\"><figure><img loading=\"lazy\" width=\"1024\" height=\"640\" src=\"http:\/\/siforl.org\/wp-content\/uploads\/2020\/11\/Analyse-scanner-pre-op-1024x640.png\" alt=\"\" data-id=\"163\" data-full-url=\"http:\/\/siforl.org\/wp-content\/uploads\/2020\/11\/Analyse-scanner-pre-op.png\" data-link=\"http:\/\/siforl.org\/index.php\/videos\/analyse-scanner-pre-op\/\" class=\"wp-image-163\" srcset=\"https:\/\/siforl.org\/wp-content\/uploads\/2020\/11\/Analyse-scanner-pre-op-1024x640.png 1024w, https:\/\/siforl.org\/wp-content\/uploads\/2020\/11\/Analyse-scanner-pre-op-300x188.png 300w, https:\/\/siforl.org\/wp-content\/uploads\/2020\/11\/Analyse-scanner-pre-op-768x480.png 768w, https:\/\/siforl.org\/wp-content\/uploads\/2020\/11\/Analyse-scanner-pre-op-1536x960.png 1536w, https:\/\/siforl.org\/wp-content\/uploads\/2020\/11\/Analyse-scanner-pre-op-2048x1280.png 2048w\" sizes=\"(max-width: 1024px) 100vw, 1024px\" \/><\/figure><\/li><\/ul><\/figure>\n\n\n\n<ul><li><a href=\"https:\/\/www.youtube.com\/watch?v=UzbU9xdrcoI\">Bases de la chirurgie endonasale<\/a> :<\/li><\/ul>\n\n\n\n<figure class=\"wp-block-gallery columns-1 is-cropped\"><ul class=\"blocks-gallery-grid\"><li class=\"blocks-gallery-item\"><figure><img loading=\"lazy\" width=\"1024\" height=\"640\" src=\"http:\/\/siforl.org\/wp-content\/uploads\/2020\/11\/Position-endonasale-1024x640.png\" alt=\"\" data-id=\"165\" data-full-url=\"http:\/\/siforl.org\/wp-content\/uploads\/2020\/11\/Position-endonasale.png\" data-link=\"http:\/\/siforl.org\/index.php\/videos\/position-endonasale\/\" class=\"wp-image-165\" srcset=\"https:\/\/siforl.org\/wp-content\/uploads\/2020\/11\/Position-endonasale-1024x640.png 1024w, https:\/\/siforl.org\/wp-content\/uploads\/2020\/11\/Position-endonasale-300x188.png 300w, https:\/\/siforl.org\/wp-content\/uploads\/2020\/11\/Position-endonasale-768x480.png 768w, https:\/\/siforl.org\/wp-content\/uploads\/2020\/11\/Position-endonasale-1536x960.png 1536w, https:\/\/siforl.org\/wp-content\/uploads\/2020\/11\/Position-endonasale-2048x1280.png 2048w\" sizes=\"(max-width: 1024px) 100vw, 1024px\" \/><\/figure><\/li><\/ul><\/figure>\n\n\n\n<ul><li><a href=\"https:\/\/www.youtube.com\/watch?v=iPZxPZgSXW0\">Neurovavigation et chirurgie endonasale<\/a> :<\/li><\/ul>\n\n\n\n<figure class=\"wp-block-image size-large\"><img loading=\"lazy\" width=\"1024\" height=\"640\" src=\"http:\/\/siforl.org\/wp-content\/uploads\/2020\/11\/Examen-scanner-pre-op-1-1024x640.png\" alt=\"\" class=\"wp-image-167\" srcset=\"https:\/\/siforl.org\/wp-content\/uploads\/2020\/11\/Examen-scanner-pre-op-1-1024x640.png 1024w, https:\/\/siforl.org\/wp-content\/uploads\/2020\/11\/Examen-scanner-pre-op-1-300x188.png 300w, https:\/\/siforl.org\/wp-content\/uploads\/2020\/11\/Examen-scanner-pre-op-1-768x480.png 768w, https:\/\/siforl.org\/wp-content\/uploads\/2020\/11\/Examen-scanner-pre-op-1-1536x960.png 1536w, https:\/\/siforl.org\/wp-content\/uploads\/2020\/11\/Examen-scanner-pre-op-1-2048x1280.png 2048w\" sizes=\"(max-width: 1024px) 100vw, 1024px\" \/><\/figure>\n\n\n\n<ul><li><a href=\"https:\/\/www.youtube.com\/watch?v=OqO1zOaEzrs\">M\u00e9tatotomie moyenne<\/a> :<\/li><\/ul>\n\n\n\n<figure class=\"wp-block-image size-large\"><img loading=\"lazy\" width=\"1024\" height=\"640\" src=\"http:\/\/siforl.org\/wp-content\/uploads\/2020\/11\/Meatotomie-moyenne-gauche-1024x640.png\" alt=\"\" class=\"wp-image-168\" srcset=\"https:\/\/siforl.org\/wp-content\/uploads\/2020\/11\/Meatotomie-moyenne-gauche-1024x640.png 1024w, https:\/\/siforl.org\/wp-content\/uploads\/2020\/11\/Meatotomie-moyenne-gauche-300x188.png 300w, https:\/\/siforl.org\/wp-content\/uploads\/2020\/11\/Meatotomie-moyenne-gauche-768x480.png 768w, https:\/\/siforl.org\/wp-content\/uploads\/2020\/11\/Meatotomie-moyenne-gauche-1536x960.png 1536w, https:\/\/siforl.org\/wp-content\/uploads\/2020\/11\/Meatotomie-moyenne-gauche-2048x1280.png 2048w\" sizes=\"(max-width: 1024px) 100vw, 1024px\" \/><\/figure>\n\n\n\n<ul><li><a href=\"https:\/\/www.youtube.com\/watch?v=rwNmMJkU46Q\">Septoplastie endoscopique<\/a> :<\/li><\/ul>\n\n\n\n<figure class=\"wp-block-image size-large\"><img loading=\"lazy\" width=\"1024\" height=\"640\" src=\"http:\/\/siforl.org\/wp-content\/uploads\/2020\/11\/Anatomie-septum-nasal-1024x640.png\" alt=\"\" class=\"wp-image-169\" srcset=\"https:\/\/siforl.org\/wp-content\/uploads\/2020\/11\/Anatomie-septum-nasal-1024x640.png 1024w, https:\/\/siforl.org\/wp-content\/uploads\/2020\/11\/Anatomie-septum-nasal-300x188.png 300w, https:\/\/siforl.org\/wp-content\/uploads\/2020\/11\/Anatomie-septum-nasal-768x480.png 768w, https:\/\/siforl.org\/wp-content\/uploads\/2020\/11\/Anatomie-septum-nasal-1536x960.png 1536w, https:\/\/siforl.org\/wp-content\/uploads\/2020\/11\/Anatomie-septum-nasal-2048x1280.png 2048w\" sizes=\"(max-width: 1024px) 100vw, 1024px\" \/><\/figure>\n\n\n\n<ul><li><a href=\"https:\/\/www.youtube.com\/watch?v=NribyYdiL30\">DRAF 3<\/a> :<\/li><\/ul>\n\n\n\n<figure class=\"wp-block-image size-large\"><img loading=\"lazy\" width=\"1024\" height=\"640\" src=\"http:\/\/siforl.org\/wp-content\/uploads\/2020\/11\/Draf-III-1024x640.png\" alt=\"\" class=\"wp-image-170\" srcset=\"https:\/\/siforl.org\/wp-content\/uploads\/2020\/11\/Draf-III-1024x640.png 1024w, https:\/\/siforl.org\/wp-content\/uploads\/2020\/11\/Draf-III-300x188.png 300w, https:\/\/siforl.org\/wp-content\/uploads\/2020\/11\/Draf-III-768x480.png 768w, https:\/\/siforl.org\/wp-content\/uploads\/2020\/11\/Draf-III-1536x960.png 1536w, https:\/\/siforl.org\/wp-content\/uploads\/2020\/11\/Draf-III-2048x1280.png 2048w\" sizes=\"(max-width: 1024px) 100vw, 1024px\" \/><\/figure>\n\n\n\n<ul><li><a href=\"https:\/\/www.youtube.com\/watch?v=RabtQF0oMjA\">Ethmoidectomie<\/a><\/li><\/ul>\n\n\n\n<ul><li><a href=\"https:\/\/www.youtube.com\/watch?v=3ZSCrAbz6gk\">Dacryocystorhinostomie<\/a><\/li><\/ul>\n\n\n\n<ul><li><a href=\"https:\/\/www.youtube.com\/watch?v=hUL_J0agVEk\">Sph\u00e9no\u00efdectomie<\/a><\/li><\/ul>\n\n\n\n<ul><li><a href=\"https:\/\/www.youtube.com\/watch?v=a2I3A-EAU8k\">Chirurgie de l&rsquo;\u00e9pistaxis<\/a><\/li><\/ul>\n\n\n\n<p><br><br> Les deux auteurs sont joignables sur leur adresse courriel:  <\/p>\n\n\n\n<p>bois-j@chu-caen.fr ; patron-v@chu-caen.fr<\/p>\n\n\n\n<p>Un guide de dissection endonasale des m\u00eames auteurs est aussi disponible <\/p>\n\n\n\n<div class=\"wp-block-file\"><a href=\"http:\/\/siforl.org\/wp-content\/uploads\/2020\/10\/GUIDE-DE-DISSSECTION-.pdf\">GUIDE-DE-DISSSECTION-<\/a><a href=\"http:\/\/siforl.org\/wp-content\/uploads\/2020\/10\/GUIDE-DE-DISSSECTION-.pdf\" class=\"wp-block-file__button\" download>Download<\/a><\/div>\n\n\n\n<p><\/p>\n\n\n\n<p><\/p>\n\n\n\n<p><\/p>\n\n\n\n<p><br>Le Professeur Fran\u00e7oise Denoyelle, via sa cha\u00eene Youtube \u00ab\u00a0Otology in Paris\u00a0\u00bb vous propose des vid\u00e9os de chirurgie otologique :<\/p>\n\n\n\n<ul><li><a href=\"https:\/\/www.youtube.com\/watch?v=onww_yRPgMw\">Paracent\u00e8se et insertion d&rsquo;a\u00e9rateur trans-tympanique (Shepard)<\/a><\/li><\/ul>\n\n\n\n<ul><li><a href=\"https:\/\/www.youtube.com\/watch?v=Rk68Puk1yfs\">Paracent\u00e8se et pose de T-tube type Cohen pour otite s\u00e9ro-muqueuse<\/a><\/li><\/ul>\n\n\n\n<ul><li><a href=\"https:\/\/www.youtube.com\/watch?v=_s5BY5a6Ekg\">Cholest\u00e9atome cong\u00e9nital, tympanoplastie p\u00e9diatrique<\/a><\/li><\/ul>\n\n\n\n<ul><li><a href=\"https:\/\/www.youtube.com\/watch?v=0HUA1YTYwqo\">Tympanoplastie p\u00e9diatrique: Cholest\u00e9atome r\u00e9siduel et extrusion de TORP<\/a><\/li><\/ul>\n\n\n\n<ul><li><a href=\"https:\/\/www.youtube.com\/watch?v=Ovg6UMQmcR8\">Perforation tympanique chez un enfant avec greffe de cartilage<\/a><\/li><\/ul>\n\n\n\n<ul><li><a href=\"https:\/\/www.youtube.com\/watch?v=0R7Ta-JP5xk\">Implantation cochl\u00e9aire avec assistance robotis\u00e9e<\/a><\/li><\/ul>\n\n\n\n<ul><li><a href=\"https:\/\/www.youtube.com\/watch?v=eedy5dv7ID0\">La voie endaurale minimale (Otologie par \u00e9tapes)<\/a><\/li><\/ul>\n\n\n\n<ul><li><a href=\"https:\/\/www.youtube.com\/watch?v=uVHM_UICqa4\">Pr\u00e9l\u00e8vement et taille du tragus (Otologie par \u00e9tapes)<\/a><\/li><\/ul>\n\n\n\n<ul><li><a href=\"https:\/\/www.youtube.com\/watch?v=r-ZxCD3Xavc\">Le d\u00e9collement du lambeau tympano-m\u00e9atal (Otologie par \u00e9tapes)<\/a><\/li><\/ul>\n\n\n\n<ul><li><a href=\"https:\/\/www.youtube.com\/watch?v=f1ILa73Dc8A\">Pose du cartilage tympanique (Otologie par \u00e9tapes)<\/a><\/li><\/ul>\n\n\n\n<ul><li><a href=\"https:\/\/www.youtube.com\/watch?v=paJmsqKO1m4\">La voie post\u00e9rieure (Otologie par \u00e9tapes)<\/a><\/li><\/ul>\n\n\n\n<ul><li><a href=\"https:\/\/www.youtube.com\/watch?v=yI-9ESGPQDs\">Pr\u00e9l\u00e8vement de fascia temporalis et de cartilage de conque (Otologie par \u00e9tapes)<\/a><\/li><\/ul>\n\n\n\n<ul><li><a href=\"https:\/\/www.youtube.com\/watch?v=KYCQh66Vn5M\">Tympanoplastie par technique ouverte: Trucs et astuces<\/a><\/li><\/ul>\n\n\n\n<ul><li><a href=\"https:\/\/www.youtube.com\/watch?v=xMXEZ-BYIyo\">Pose de cartilage en double plateau (Otologie par \u00e9tapes)<\/a><\/li><\/ul>\n\n\n\n<ul><li><a href=\"https:\/\/www.youtube.com\/watch?v=U6gR8zvi4w8\">Pose de proth\u00e8se ossiculaire totale (TORP) (Otologie par \u00e9tapes)<\/a><\/li><\/ul>\n\n\n\n<ul><li><a href=\"https:\/\/www.youtube.com\/watch?v=oDubLtasze0\">Otosclerosis Revision Surgery<\/a><\/li><\/ul>\n","protected":false},"excerpt":{"rendered":"<p>Les docteurs Bois J\u00e9r\u00f4me et Patron Vincent du CHU de Caen proposent une initiation \u00e0 des techniques de chirurgies endonasales. Les liens suivant vous permettront de trouver un guide de dissection\/formation destin\u00e9 aux internes et l&rsquo;acc\u00e8s \u00e0 des vid\u00e9os de moins de 10 minutes sur les sujets suivants: Analyse du scanner pr\u00e9 op\u00e9ratoire : Bases [&hellip;]<\/p>\n","protected":false},"author":1,"featured_media":0,"parent":0,"menu_order":0,"comment_status":"closed","ping_status":"closed","template":"","meta":[],"_links":{"self":[{"href":"https:\/\/siforl.org\/index.php\/wp-json\/wp\/v2\/pages\/151"}],"collection":[{"href":"https:\/\/siforl.org\/index.php\/wp-json\/wp\/v2\/pages"}],"about":[{"href":"https:\/\/siforl.org\/index.php\/wp-json\/wp\/v2\/types\/page"}],"author":[{"embeddable":true,"href":"https:\/\/siforl.org\/index.php\/wp-json\/wp\/v2\/users\/1"}],"replies":[{"embeddable":true,"href":"https:\/\/siforl.org\/index.php\/wp-json\/wp\/v2\/comments?post=151"}],"version-history":[{"count":5,"href":"https:\/\/siforl.org\/index.php\/wp-json\/wp\/v2\/pages\/151\/revisions"}],"predecessor-version":[{"id":171,"href":"https:\/\/siforl.org\/index.php\/wp-json\/wp\/v2\/pages\/151\/revisions\/171"}],"wp:attachment":[{"href":"https:\/\/siforl.org\/index.php\/wp-json\/wp\/v2\/media?parent=151"}],"curies":[{"name":"wp","href":"https:\/\/api.w.org\/{rel}","templated":true}]}}