{"id":114,"date":"2019-01-08T22:24:07","date_gmt":"2019-01-08T21:24:07","guid":{"rendered":"http:\/\/siforl.org\/?page_id=114"},"modified":"2022-11-02T16:01:38","modified_gmt":"2022-11-02T15:01:38","slug":"photos-siforl","status":"publish","type":"page","link":"https:\/\/siforl.org\/index.php\/photos-siforl\/","title":{"rendered":"Photos SIFORL"},"content":{"rendered":"\n<p>Vous retrouverez sur cette page des photos r\u00e9alis\u00e9es lors des diff\u00e9rents congr\u00e8s et rassemblement de la Soci\u00e9t\u00e9 Internationale Francophone d&rsquo;ORL.<\/p>\n\n\n\n<figure class=\"wp-block-image\"><img loading=\"lazy\" width=\"768\" height=\"1024\" src=\"http:\/\/siforl.org\/wp-content\/uploads\/2019\/02\/ALGER-SIFORL-2018-Dr-SALVAN-e1550955651786-768x1024.jpg\" alt=\"\" class=\"wp-image-129\" srcset=\"https:\/\/siforl.org\/wp-content\/uploads\/2019\/02\/ALGER-SIFORL-2018-Dr-SALVAN-e1550955651786-768x1024.jpg 768w, https:\/\/siforl.org\/wp-content\/uploads\/2019\/02\/ALGER-SIFORL-2018-Dr-SALVAN-e1550955651786-225x300.jpg 225w\" sizes=\"(max-width: 768px) 100vw, 768px\" \/><figcaption>SIFORL 2018, Alger &#8211; Dr SALVAN<\/figcaption><\/figure>\n\n\n\n<figure class=\"wp-block-image\"><img loading=\"lazy\" width=\"1024\" height=\"768\" src=\"http:\/\/siforl.org\/wp-content\/uploads\/2019\/02\/ALGER-SIFORL-2018.-la-Baie-1024x768.jpg\" alt=\"\" class=\"wp-image-128\" srcset=\"https:\/\/siforl.org\/wp-content\/uploads\/2019\/02\/ALGER-SIFORL-2018.-la-Baie-1024x768.jpg 1024w, https:\/\/siforl.org\/wp-content\/uploads\/2019\/02\/ALGER-SIFORL-2018.-la-Baie-300x225.jpg 300w, https:\/\/siforl.org\/wp-content\/uploads\/2019\/02\/ALGER-SIFORL-2018.-la-Baie-768x576.jpg 768w\" sizes=\"(max-width: 1024px) 100vw, 1024px\" \/><figcaption>SIFORL 2018 &#8211; Alger<\/figcaption><\/figure>\n\n\n\n<figure class=\"wp-block-image\"><img loading=\"lazy\" width=\"1024\" height=\"768\" src=\"http:\/\/siforl.org\/wp-content\/uploads\/2019\/02\/ALGER-SIFORL-2018-1024x768.jpg\" alt=\"\" class=\"wp-image-127\" srcset=\"https:\/\/siforl.org\/wp-content\/uploads\/2019\/02\/ALGER-SIFORL-2018-1024x768.jpg 1024w, https:\/\/siforl.org\/wp-content\/uploads\/2019\/02\/ALGER-SIFORL-2018-300x225.jpg 300w, https:\/\/siforl.org\/wp-content\/uploads\/2019\/02\/ALGER-SIFORL-2018-768x576.jpg 768w\" sizes=\"(max-width: 1024px) 100vw, 1024px\" \/><figcaption>SIFORL 2018 &#8211; Alger<\/figcaption><\/figure>\n\n\n\n<figure class=\"wp-block-image\"><img loading=\"lazy\" width=\"1024\" height=\"683\" src=\"http:\/\/siforl.org\/wp-content\/uploads\/2019\/02\/le-trio-SIFORL-2016-CHEVALIER-DANIEL-BABIN-1024x683.jpg\" alt=\"\" class=\"wp-image-124\" srcset=\"https:\/\/siforl.org\/wp-content\/uploads\/2019\/02\/le-trio-SIFORL-2016-CHEVALIER-DANIEL-BABIN-1024x683.jpg 1024w, https:\/\/siforl.org\/wp-content\/uploads\/2019\/02\/le-trio-SIFORL-2016-CHEVALIER-DANIEL-BABIN-300x200.jpg 300w, https:\/\/siforl.org\/wp-content\/uploads\/2019\/02\/le-trio-SIFORL-2016-CHEVALIER-DANIEL-BABIN-768x512.jpg 768w\" sizes=\"(max-width: 1024px) 100vw, 1024px\" \/><figcaption>SIFORL 2016, Lille &#8211; Pr CHEVALIER, Pr DANIEL, Pr BABIN<\/figcaption><\/figure>\n\n\n\n<figure class=\"wp-block-image\"><img loading=\"lazy\" width=\"1024\" height=\"768\" src=\"http:\/\/siforl.org\/wp-content\/uploads\/2019\/02\/SIFORL-2014-MONTREAL-1024x768.jpg\" alt=\"\" class=\"wp-image-126\" srcset=\"https:\/\/siforl.org\/wp-content\/uploads\/2019\/02\/SIFORL-2014-MONTREAL.jpg 1024w, https:\/\/siforl.org\/wp-content\/uploads\/2019\/02\/SIFORL-2014-MONTREAL-300x225.jpg 300w, https:\/\/siforl.org\/wp-content\/uploads\/2019\/02\/SIFORL-2014-MONTREAL-768x576.jpg 768w\" sizes=\"(max-width: 1024px) 100vw, 1024px\" \/><figcaption>SIFORL 2014 &#8211; Montr\u00e9al<\/figcaption><\/figure>\n\n\n\n<figure class=\"wp-block-image size-large\"><img loading=\"lazy\" width=\"1024\" height=\"683\" src=\"http:\/\/siforl.org\/wp-content\/uploads\/2022\/11\/siforl1-1024x683.jpg\" alt=\"\" class=\"wp-image-208\" srcset=\"https:\/\/siforl.org\/wp-content\/uploads\/2022\/11\/siforl1-1024x683.jpg 1024w, https:\/\/siforl.org\/wp-content\/uploads\/2022\/11\/siforl1-300x200.jpg 300w, https:\/\/siforl.org\/wp-content\/uploads\/2022\/11\/siforl1-768x512.jpg 768w, https:\/\/siforl.org\/wp-content\/uploads\/2022\/11\/siforl1-1536x1024.jpg 1536w, https:\/\/siforl.org\/wp-content\/uploads\/2022\/11\/siforl1-2048x1365.jpg 2048w, https:\/\/siforl.org\/wp-content\/uploads\/2022\/11\/siforl1-1568x1045.jpg 1568w\" sizes=\"(max-width: 1024px) 100vw, 1024px\" \/><figcaption>SIFORL 2012 &#8211; Hammamet<\/figcaption><\/figure>\n\n\n\n<figure class=\"wp-block-image size-large\"><img loading=\"lazy\" width=\"1024\" height=\"683\" src=\"http:\/\/siforl.org\/wp-content\/uploads\/2022\/11\/siforl2-1024x683.jpg\" alt=\"\" class=\"wp-image-209\" srcset=\"https:\/\/siforl.org\/wp-content\/uploads\/2022\/11\/siforl2-1024x683.jpg 1024w, https:\/\/siforl.org\/wp-content\/uploads\/2022\/11\/siforl2-300x200.jpg 300w, https:\/\/siforl.org\/wp-content\/uploads\/2022\/11\/siforl2-768x512.jpg 768w, https:\/\/siforl.org\/wp-content\/uploads\/2022\/11\/siforl2-1536x1024.jpg 1536w, https:\/\/siforl.org\/wp-content\/uploads\/2022\/11\/siforl2-2048x1365.jpg 2048w, https:\/\/siforl.org\/wp-content\/uploads\/2022\/11\/siforl2-1568x1045.jpg 1568w\" sizes=\"(max-width: 1024px) 100vw, 1024px\" \/><figcaption>SIFORL 2012 &#8211; Hammamet<\/figcaption><\/figure>\n","protected":false},"excerpt":{"rendered":"<p>Vous retrouverez sur cette page des photos r\u00e9alis\u00e9es lors des diff\u00e9rents congr\u00e8s et rassemblement de la Soci\u00e9t\u00e9 Internationale Francophone d&rsquo;ORL.<\/p>\n","protected":false},"author":1,"featured_media":0,"parent":0,"menu_order":0,"comment_status":"closed","ping_status":"closed","template":"","meta":[],"_links":{"self":[{"href":"https:\/\/siforl.org\/index.php\/wp-json\/wp\/v2\/pages\/114"}],"collection":[{"href":"https:\/\/siforl.org\/index.php\/wp-json\/wp\/v2\/pages"}],"about":[{"href":"https:\/\/siforl.org\/index.php\/wp-json\/wp\/v2\/types\/page"}],"author":[{"embeddable":true,"href":"https:\/\/siforl.org\/index.php\/wp-json\/wp\/v2\/users\/1"}],"replies":[{"embeddable":true,"href":"https:\/\/siforl.org\/index.php\/wp-json\/wp\/v2\/comments?post=114"}],"version-history":[{"count":5,"href":"https:\/\/siforl.org\/index.php\/wp-json\/wp\/v2\/pages\/114\/revisions"}],"predecessor-version":[{"id":210,"href":"https:\/\/siforl.org\/index.php\/wp-json\/wp\/v2\/pages\/114\/revisions\/210"}],"wp:attachment":[{"href":"https:\/\/siforl.org\/index.php\/wp-json\/wp\/v2\/media?parent=114"}],"curies":[{"name":"wp","href":"https:\/\/api.w.org\/{rel}","templated":true}]}}